{"id":151,"date":"2020-09-24T09:46:39","date_gmt":"2020-09-24T07:46:39","guid":{"rendered":"http:\/\/elpereburger.com\/?page_id=151"},"modified":"2025-10-27T22:43:00","modified_gmt":"2025-10-27T21:43:00","slug":"como-llegar","status":"publish","type":"page","link":"https:\/\/elpere.es\/index.php\/como-llegar\/","title":{"rendered":"UBICACI\u00d3N"},"content":{"rendered":"\n<p class=\"has-text-align-center\">Nuestra ubicaci\u00f3n es \u00abCalle Laur\u00eda N\u00ba 54\u00bb. Nos encontramos en el centro de Ronda, cerca del cine y pr\u00f3ximo al casco hist\u00f3rico. Para m\u00e1s informaci\u00f3n os dejamos el mapa de la ubicaci\u00f3n exacta abajo.<\/p>\n\n\n\n<hr class=\"wp-block-separator alignfull has-alpha-channel-opacity is-style-wide\"\/>\n\n\n\n<iframe src=\"https:\/\/www.google.com\/maps\/embed?pb=!1m18!1m12!1m3!1d3197.0514263154473!2d-5.164311712568127!3d36.74533667126801!2m3!1f0!2f0!3f0!3m2!1i1024!2i768!4f13.1!3m3!1m2!1s0xd0d3147e1aad4d7%3A0xa9659df75e6e8cb!2sELPERE!5e0!3m2!1ses!2ses!4v1729195346146!5m2!1ses!2ses\" width=\"1920\" height=\"540\" style=\"border:0;\" allowfullscreen=\"\" loading=\"lazy\" referrerpolicy=\"no-referrer-when-downgrade\"><\/iframe>\n\n\n\n<hr class=\"wp-block-separator alignfull has-alpha-channel-opacity is-style-wide\"\/>\n\n\n\n<p><\/p>\n","protected":false},"excerpt":{"rendered":"<p>Nuestra ubicaci\u00f3n es \u00abCalle Laur\u00eda N\u00ba 54\u00bb. Nos encontramos en<span class=\"more-button\"><a href=\"https:\/\/elpere.es\/index.php\/como-llegar\/\" class=\"more-link\">Continue reading<span class=\"screen-reader-text\">UBICACI\u00d3N<\/span><\/a><\/span><\/p>\n","protected":false},"author":1,"featured_media":0,"parent":0,"menu_order":0,"comment_status":"closed","ping_status":"closed","template":"","meta":{"footnotes":""},"class_list":["post-151","page","type-page","status-publish","hentry"],"_links":{"self":[{"href":"https:\/\/elpere.es\/index.php\/wp-json\/wp\/v2\/pages\/151","targetHints":{"allow":["GET"]}}],"collection":[{"href":"https:\/\/elpere.es\/index.php\/wp-json\/wp\/v2\/pages"}],"about":[{"href":"https:\/\/elpere.es\/index.php\/wp-json\/wp\/v2\/types\/page"}],"author":[{"embeddable":true,"href":"https:\/\/elpere.es\/index.php\/wp-json\/wp\/v2\/users\/1"}],"replies":[{"embeddable":true,"href":"https:\/\/elpere.es\/index.php\/wp-json\/wp\/v2\/comments?post=151"}],"version-history":[{"count":15,"href":"https:\/\/elpere.es\/index.php\/wp-json\/wp\/v2\/pages\/151\/revisions"}],"predecessor-version":[{"id":11747,"href":"https:\/\/elpere.es\/index.php\/wp-json\/wp\/v2\/pages\/151\/revisions\/11747"}],"wp:attachment":[{"href":"https:\/\/elpere.es\/index.php\/wp-json\/wp\/v2\/media?parent=151"}],"curies":[{"name":"wp","href":"https:\/\/api.w.org\/{rel}","templated":true}]}}